{"id":1065,"date":"2023-06-12T16:47:36","date_gmt":"2023-06-12T16:47:36","guid":{"rendered":"https:\/\/fritoscaribenos.com\/?page_id=1065"},"modified":"2023-07-10T00:12:15","modified_gmt":"2023-07-10T00:12:15","slug":"blog","status":"publish","type":"page","link":"https:\/\/fritoscaribenos.com\/?page_id=1065","title":{"rendered":"Blog"},"content":{"rendered":"\t\t<div data-elementor-type=\"wp-page\" data-elementor-id=\"1065\" class=\"elementor elementor-1065\">\n\t\t\t\t\t\t<section class=\"elementor-section elementor-top-section elementor-element elementor-element-38c29408 elementor-section-height-min-height elementor-section-boxed elementor-section-height-default elementor-section-items-middle\" data-id=\"38c29408\" data-element_type=\"section\" data-settings=\"{&quot;background_background&quot;:&quot;classic&quot;}\">\n\t\t\t\t\t\t\t<div class=\"elementor-background-overlay\"><\/div>\n\t\t\t\t\t\t\t<div class=\"elementor-container elementor-column-gap-default\">\n\t\t\t\t\t<div class=\"elementor-column elementor-col-100 elementor-top-column elementor-element elementor-element-25287f62\" data-id=\"25287f62\" data-element_type=\"column\">\n\t\t\t<div class=\"elementor-widget-wrap elementor-element-populated\">\n\t\t\t\t\t\t<div class=\"elementor-element elementor-element-7ff00e5 elementor-widget-divider--view-line elementor-widget elementor-widget-divider\" data-id=\"7ff00e5\" data-element_type=\"widget\" data-widget_type=\"divider.default\">\n\t\t\t\t<div class=\"elementor-widget-container\">\n\t\t\t\t\t<div class=\"elementor-divider\">\n\t\t\t<span class=\"elementor-divider-separator\">\n\t\t\t\t\t\t<\/span>\n\t\t<\/div>\n\t\t\t\t<\/div>\n\t\t\t\t<\/div>\n\t\t\t\t\t<\/div>\n\t\t<\/div>\n\t\t\t\t\t<\/div>\n\t\t<\/section>\n\t\t\t\t<section class=\"elementor-section elementor-top-section elementor-element elementor-element-c5e6ca0 elementor-section-boxed elementor-section-height-default elementor-section-height-default\" data-id=\"c5e6ca0\" data-element_type=\"section\">\n\t\t\t\t\t\t<div class=\"elementor-container elementor-column-gap-default\">\n\t\t\t\t\t<div class=\"elementor-column elementor-col-100 elementor-top-column elementor-element elementor-element-e488764\" data-id=\"e488764\" data-element_type=\"column\">\n\t\t\t<div class=\"elementor-widget-wrap\">\n\t\t\t\t\t\t\t<\/div>\n\t\t<\/div>\n\t\t\t\t\t<\/div>\n\t\t<\/section>\n\t\t\t\t<section class=\"elementor-section elementor-top-section elementor-element elementor-element-82cc065 elementor-section-boxed elementor-section-height-default elementor-section-height-default\" data-id=\"82cc065\" data-element_type=\"section\">\n\t\t\t\t\t\t<div class=\"elementor-container elementor-column-gap-default\">\n\t\t\t\t\t<div class=\"elementor-column elementor-col-33 elementor-top-column elementor-element elementor-element-ddb4cc8\" data-id=\"ddb4cc8\" data-element_type=\"column\">\n\t\t\t<div class=\"elementor-widget-wrap elementor-element-populated\">\n\t\t\t\t\t\t<div class=\"elementor-element elementor-element-cffca61 elementor-widget elementor-widget-image\" data-id=\"cffca61\" data-element_type=\"widget\" data-widget_type=\"image.default\">\n\t\t\t\t<div class=\"elementor-widget-container\">\n\t\t\t\t\t\t\t\t\t\t\t\t\t<img fetchpriority=\"high\" decoding=\"async\" width=\"969\" height=\"1024\" src=\"https:\/\/fritoscaribenos.com\/wp-content\/uploads\/2023\/07\/Sin-titulo-969x1024.jpg\" class=\"attachment-large size-large wp-image-1700\" alt=\"\" srcset=\"https:\/\/fritoscaribenos.com\/wp-content\/uploads\/2023\/07\/Sin-titulo-969x1024.jpg 969w, https:\/\/fritoscaribenos.com\/wp-content\/uploads\/2023\/07\/Sin-titulo-284x300.jpg 284w, https:\/\/fritoscaribenos.com\/wp-content\/uploads\/2023\/07\/Sin-titulo-768x811.jpg 768w, https:\/\/fritoscaribenos.com\/wp-content\/uploads\/2023\/07\/Sin-titulo.jpg 1378w\" sizes=\"(max-width: 969px) 100vw, 969px\" \/>\t\t\t\t\t\t\t\t\t\t\t\t\t<\/div>\n\t\t\t\t<\/div>\n\t\t\t\t\t<\/div>\n\t\t<\/div>\n\t\t\t\t<div class=\"elementor-column elementor-col-33 elementor-top-column elementor-element elementor-element-95fe221\" data-id=\"95fe221\" data-element_type=\"column\">\n\t\t\t<div class=\"elementor-widget-wrap elementor-element-populated\">\n\t\t\t\t\t\t<div class=\"elementor-element elementor-element-41e0ba2 elementor-widget elementor-widget-heading\" data-id=\"41e0ba2\" data-element_type=\"widget\" data-widget_type=\"heading.default\">\n\t\t\t\t<div class=\"elementor-widget-container\">\n\t\t\t<h2 class=\"elementor-heading-title elementor-size-default\">EMPANADA DE HARINA<\/h2>\t\t<\/div>\n\t\t\t\t<\/div>\n\t\t\t\t<div class=\"elementor-element elementor-element-c926ae9 elementor-widget__width-initial elementor-widget elementor-widget-heading\" data-id=\"c926ae9\" data-element_type=\"widget\" data-widget_type=\"heading.default\">\n\t\t\t\t<div class=\"elementor-widget-container\">\n\t\t\t<h5 class=\"elementor-heading-title elementor-size-default\">\u201cComer es una necesidad, pero cocinar es un arte.\u201d<\/h5>\t\t<\/div>\n\t\t\t\t<\/div>\n\t\t\t\t<div class=\"elementor-element elementor-element-a048b65 elementor-widget__width-initial elementor-widget elementor-widget-text-editor\" data-id=\"a048b65\" data-element_type=\"widget\" data-widget_type=\"text-editor.default\">\n\t\t\t\t<div class=\"elementor-widget-container\">\n\t\t\t\t\t\t\t<p style=\"text-align: justify;\"><strong>Las empanadas se hicieron populares cuando aparecieron por primera vez en la zona de Espa\u00f1a durante la \u00e9poca de las invasiones \u00e1rabes, y no tardar\u00eda mucho en llegar al continente americano en \u00e9poca de la conquista. Posteriormente se extendi\u00f3 por todas partes del mundo, incorporando distintas formas de preparaci\u00f3n e ingredientes dependiendo de la regi\u00f3n.<\/strong><\/p><p><strong>Sus ingredientes principales es la harina de trigo, mantequilla, con rellenos a base de carne de res o pollo, se puede hornear o fre\u00edr, tambi\u00e9n puede contener espinaca, jam\u00f3n, queso entre otros. <\/strong><\/p>\t\t\t\t\t\t<\/div>\n\t\t\t\t<\/div>\n\t\t\t\t\t<\/div>\n\t\t<\/div>\n\t\t\t\t<div class=\"elementor-column elementor-col-33 elementor-top-column elementor-element elementor-element-21b5c33\" data-id=\"21b5c33\" data-element_type=\"column\">\n\t\t\t<div class=\"elementor-widget-wrap\">\n\t\t\t\t\t\t\t<\/div>\n\t\t<\/div>\n\t\t\t\t\t<\/div>\n\t\t<\/section>\n\t\t\t\t<section class=\"elementor-section elementor-top-section elementor-element elementor-element-10e7d70 elementor-section-boxed elementor-section-height-default elementor-section-height-default\" data-id=\"10e7d70\" data-element_type=\"section\">\n\t\t\t\t\t\t<div class=\"elementor-container elementor-column-gap-default\">\n\t\t\t\t\t<div class=\"elementor-column elementor-col-100 elementor-top-column elementor-element elementor-element-82d77ea\" data-id=\"82d77ea\" data-element_type=\"column\">\n\t\t\t<div class=\"elementor-widget-wrap elementor-element-populated\">\n\t\t\t\t\t\t<div class=\"elementor-element elementor-element-d922e1b elementor-widget-divider--view-line elementor-widget elementor-widget-divider\" data-id=\"d922e1b\" data-element_type=\"widget\" data-widget_type=\"divider.default\">\n\t\t\t\t<div class=\"elementor-widget-container\">\n\t\t\t\t\t<div class=\"elementor-divider\">\n\t\t\t<span class=\"elementor-divider-separator\">\n\t\t\t\t\t\t<\/span>\n\t\t<\/div>\n\t\t\t\t<\/div>\n\t\t\t\t<\/div>\n\t\t\t\t\t<\/div>\n\t\t<\/div>\n\t\t\t\t\t<\/div>\n\t\t<\/section>\n\t\t\t\t<section class=\"elementor-section elementor-top-section elementor-element elementor-element-7a32298 elementor-section-boxed elementor-section-height-default elementor-section-height-default\" data-id=\"7a32298\" data-element_type=\"section\">\n\t\t\t\t\t\t<div class=\"elementor-container elementor-column-gap-default\">\n\t\t\t\t\t<div class=\"elementor-column elementor-col-33 elementor-top-column elementor-element elementor-element-b72901a\" data-id=\"b72901a\" data-element_type=\"column\">\n\t\t\t<div class=\"elementor-widget-wrap\">\n\t\t\t\t\t\t\t<\/div>\n\t\t<\/div>\n\t\t\t\t<div class=\"elementor-column elementor-col-33 elementor-top-column elementor-element elementor-element-a282370\" data-id=\"a282370\" data-element_type=\"column\">\n\t\t\t<div class=\"elementor-widget-wrap elementor-element-populated\">\n\t\t\t\t\t\t<div class=\"elementor-element elementor-element-41940d8 elementor-widget elementor-widget-heading\" data-id=\"41940d8\" data-element_type=\"widget\" data-widget_type=\"heading.default\">\n\t\t\t\t<div class=\"elementor-widget-container\">\n\t\t\t<h2 class=\"elementor-heading-title elementor-size-default\">AREPA DE HUEVO<\/h2>\t\t<\/div>\n\t\t\t\t<\/div>\n\t\t\t\t<div class=\"elementor-element elementor-element-d15a4f7 elementor-widget__width-initial elementor-widget elementor-widget-heading\" data-id=\"d15a4f7\" data-element_type=\"widget\" data-widget_type=\"heading.default\">\n\t\t\t\t<div class=\"elementor-widget-container\">\n\t\t\t<h5 class=\"elementor-heading-title elementor-size-default\">\u201cNo necesitas cocinar elegante ni obras maestras, solo buena comida con ingredientes frescos.\u201d<\/h5>\t\t<\/div>\n\t\t\t\t<\/div>\n\t\t\t\t<div class=\"elementor-element elementor-element-6706a75 elementor-widget__width-initial elementor-widget elementor-widget-text-editor\" data-id=\"6706a75\" data-element_type=\"widget\" data-widget_type=\"text-editor.default\">\n\t\t\t\t<div class=\"elementor-widget-container\">\n\t\t\t\t\t\t\t<p style=\"text-align: justify;\"><strong>La arepa de huevo se considera un alimento t\u00edpico de la gastronom\u00eda colombiana, por tanto, lo que se respecta el origen de la arepa de huevo tiene que ver con dicha sociedad, especialmente la costa atl\u00e1ntica. Este alimento hecho a base de ma\u00edz, huevo, sal y el toque secreto, seg\u00fan el gusto se le puede agregar carne molida y otros ingredientes.<\/strong><\/p>\t\t\t\t\t\t<\/div>\n\t\t\t\t<\/div>\n\t\t\t\t\t<\/div>\n\t\t<\/div>\n\t\t\t\t<div class=\"elementor-column elementor-col-33 elementor-top-column elementor-element elementor-element-b2978a2\" data-id=\"b2978a2\" data-element_type=\"column\">\n\t\t\t<div class=\"elementor-widget-wrap\">\n\t\t\t\t\t\t\t<\/div>\n\t\t<\/div>\n\t\t\t\t\t<\/div>\n\t\t<\/section>\n\t\t\t\t<section class=\"elementor-section elementor-top-section elementor-element elementor-element-27f8486 elementor-section-boxed elementor-section-height-default elementor-section-height-default\" data-id=\"27f8486\" data-element_type=\"section\">\n\t\t\t\t\t\t<div class=\"elementor-container elementor-column-gap-default\">\n\t\t\t\t\t<div class=\"elementor-column elementor-col-100 elementor-top-column elementor-element elementor-element-6c97d9c\" data-id=\"6c97d9c\" data-element_type=\"column\">\n\t\t\t<div class=\"elementor-widget-wrap elementor-element-populated\">\n\t\t\t\t\t\t<div class=\"elementor-element elementor-element-2f95aac elementor-widget-divider--view-line elementor-widget elementor-widget-divider\" data-id=\"2f95aac\" data-element_type=\"widget\" data-widget_type=\"divider.default\">\n\t\t\t\t<div class=\"elementor-widget-container\">\n\t\t\t\t\t<div class=\"elementor-divider\">\n\t\t\t<span class=\"elementor-divider-separator\">\n\t\t\t\t\t\t<\/span>\n\t\t<\/div>\n\t\t\t\t<\/div>\n\t\t\t\t<\/div>\n\t\t\t\t\t<\/div>\n\t\t<\/div>\n\t\t\t\t\t<\/div>\n\t\t<\/section>\n\t\t\t\t<section class=\"elementor-section elementor-top-section elementor-element elementor-element-6f228c0 elementor-section-boxed elementor-section-height-default elementor-section-height-default\" data-id=\"6f228c0\" data-element_type=\"section\">\n\t\t\t\t\t\t<div class=\"elementor-container elementor-column-gap-default\">\n\t\t\t\t\t<div class=\"elementor-column elementor-col-33 elementor-top-column elementor-element elementor-element-223612b\" data-id=\"223612b\" data-element_type=\"column\">\n\t\t\t<div class=\"elementor-widget-wrap\">\n\t\t\t\t\t\t\t<\/div>\n\t\t<\/div>\n\t\t\t\t<div class=\"elementor-column elementor-col-33 elementor-top-column elementor-element elementor-element-2937eec\" data-id=\"2937eec\" data-element_type=\"column\">\n\t\t\t<div class=\"elementor-widget-wrap elementor-element-populated\">\n\t\t\t\t\t\t<div class=\"elementor-element elementor-element-f4c57da elementor-widget elementor-widget-heading\" data-id=\"f4c57da\" data-element_type=\"widget\" data-widget_type=\"heading.default\">\n\t\t\t\t<div class=\"elementor-widget-container\">\n\t\t\t<h2 class=\"elementor-heading-title elementor-size-default\">EMPANADA DE MAIZ<\/h2>\t\t<\/div>\n\t\t\t\t<\/div>\n\t\t\t\t<div class=\"elementor-element elementor-element-53977cf elementor-widget__width-initial elementor-widget elementor-widget-heading\" data-id=\"53977cf\" data-element_type=\"widget\" data-widget_type=\"heading.default\">\n\t\t\t\t<div class=\"elementor-widget-container\">\n\t\t\t<h5 class=\"elementor-heading-title elementor-size-default\">\u201cLas personas a la que les encanta comer siempre son la mejores\u201d<\/h5>\t\t<\/div>\n\t\t\t\t<\/div>\n\t\t\t\t<div class=\"elementor-element elementor-element-5fc9378 elementor-widget__width-initial elementor-widget elementor-widget-text-editor\" data-id=\"5fc9378\" data-element_type=\"widget\" data-widget_type=\"text-editor.default\">\n\t\t\t\t<div class=\"elementor-widget-container\">\n\t\t\t\t\t\t\t<p style=\"text-align: justify;\">Alimento originario de Am\u00e9rica, con la llegada de col\u00f3n, los europeos pudieron acceder al mayor tesoro americano: sus alimentos. As\u00ed, Europa y el mundo conoci\u00f3 el ma\u00edz, tomate, man\u00ed entre otros. Sus principales ingredientes es el Ma\u00edz, con rellenos a base de carne de res o pollo, tambi\u00e9n puede contener espinaca, jam\u00f3n, queso entre otros.<\/p>\t\t\t\t\t\t<\/div>\n\t\t\t\t<\/div>\n\t\t\t\t\t<\/div>\n\t\t<\/div>\n\t\t\t\t<div class=\"elementor-column elementor-col-33 elementor-top-column elementor-element elementor-element-6e400de\" data-id=\"6e400de\" data-element_type=\"column\">\n\t\t\t<div class=\"elementor-widget-wrap\">\n\t\t\t\t\t\t\t<\/div>\n\t\t<\/div>\n\t\t\t\t\t<\/div>\n\t\t<\/section>\n\t\t\t\t<section class=\"elementor-section elementor-top-section elementor-element elementor-element-fdbec75 elementor-section-boxed elementor-section-height-default elementor-section-height-default\" data-id=\"fdbec75\" data-element_type=\"section\">\n\t\t\t\t\t\t<div class=\"elementor-container elementor-column-gap-default\">\n\t\t\t\t\t<div class=\"elementor-column elementor-col-100 elementor-top-column elementor-element elementor-element-e41fde9\" data-id=\"e41fde9\" data-element_type=\"column\">\n\t\t\t<div class=\"elementor-widget-wrap elementor-element-populated\">\n\t\t\t\t\t\t<div class=\"elementor-element elementor-element-2771167 elementor-widget-divider--view-line elementor-widget elementor-widget-divider\" data-id=\"2771167\" data-element_type=\"widget\" data-widget_type=\"divider.default\">\n\t\t\t\t<div class=\"elementor-widget-container\">\n\t\t\t\t\t<div class=\"elementor-divider\">\n\t\t\t<span class=\"elementor-divider-separator\">\n\t\t\t\t\t\t<\/span>\n\t\t<\/div>\n\t\t\t\t<\/div>\n\t\t\t\t<\/div>\n\t\t\t\t\t<\/div>\n\t\t<\/div>\n\t\t\t\t\t<\/div>\n\t\t<\/section>\n\t\t\t\t<section class=\"elementor-section elementor-top-section elementor-element elementor-element-c66b444 elementor-section-boxed elementor-section-height-default elementor-section-height-default\" data-id=\"c66b444\" data-element_type=\"section\">\n\t\t\t\t\t\t<div class=\"elementor-container elementor-column-gap-default\">\n\t\t\t\t\t<div class=\"elementor-column elementor-col-33 elementor-top-column elementor-element elementor-element-cbb5bf7\" data-id=\"cbb5bf7\" data-element_type=\"column\">\n\t\t\t<div class=\"elementor-widget-wrap\">\n\t\t\t\t\t\t\t<\/div>\n\t\t<\/div>\n\t\t\t\t<div class=\"elementor-column elementor-col-33 elementor-top-column elementor-element elementor-element-d40a0bd\" data-id=\"d40a0bd\" data-element_type=\"column\">\n\t\t\t<div class=\"elementor-widget-wrap elementor-element-populated\">\n\t\t\t\t\t\t<div class=\"elementor-element elementor-element-6efd064 elementor-widget elementor-widget-heading\" data-id=\"6efd064\" data-element_type=\"widget\" data-widget_type=\"heading.default\">\n\t\t\t\t<div class=\"elementor-widget-container\">\n\t\t\t<h2 class=\"elementor-heading-title elementor-size-default\">EMPANA ESTILO CHILENA<\/h2>\t\t<\/div>\n\t\t\t\t<\/div>\n\t\t\t\t<div class=\"elementor-element elementor-element-e27bf8d elementor-widget__width-initial elementor-widget elementor-widget-heading\" data-id=\"e27bf8d\" data-element_type=\"widget\" data-widget_type=\"heading.default\">\n\t\t\t\t<div class=\"elementor-widget-container\">\n\t\t\t<h5 class=\"elementor-heading-title elementor-size-default\">\u201cBuena comida, buen vino, buena compa\u00f1\u00eda.\u201d Grandes momentos<\/h5>\t\t<\/div>\n\t\t\t\t<\/div>\n\t\t\t\t<div class=\"elementor-element elementor-element-c16be89 elementor-widget__width-initial elementor-widget elementor-widget-text-editor\" data-id=\"c16be89\" data-element_type=\"widget\" data-widget_type=\"text-editor.default\">\n\t\t\t\t<div class=\"elementor-widget-container\">\n\t\t\t\t\t\t\t<p>El origen se la empanada chilena nos hace cruzar el atl\u00e1ntico y llegar hasta Espa\u00f1a la madre patria. Ah\u00ed fueron los \u00e1rabes quienes luego de abandonar territorio hispano, dejaron este tipo de alimento con herencia culinaria.\u00a0<\/p><p>Sus ingredientes principales son: Harina de trigo, huevos, aceitunas, carne, vino blanco, leche, cebollas, mantequilla, carne de res, sal y otros ingredientes. Se pueden hornear y finalizar con el toque secreto de nuestros cocineros dando como resultado una empanada \u00fanica y exquisita, se puede acompa\u00f1ar con una copa de vino.<\/p>\t\t\t\t\t\t<\/div>\n\t\t\t\t<\/div>\n\t\t\t\t\t<\/div>\n\t\t<\/div>\n\t\t\t\t<div class=\"elementor-column elementor-col-33 elementor-top-column elementor-element elementor-element-bc5daa4\" data-id=\"bc5daa4\" data-element_type=\"column\">\n\t\t\t<div class=\"elementor-widget-wrap\">\n\t\t\t\t\t\t\t<\/div>\n\t\t<\/div>\n\t\t\t\t\t<\/div>\n\t\t<\/section>\n\t\t\t\t<section class=\"elementor-section elementor-top-section elementor-element elementor-element-e573ead elementor-section-boxed elementor-section-height-default elementor-section-height-default\" data-id=\"e573ead\" data-element_type=\"section\">\n\t\t\t\t\t\t<div class=\"elementor-container elementor-column-gap-default\">\n\t\t\t\t\t<div class=\"elementor-column elementor-col-100 elementor-top-column elementor-element elementor-element-d3793bb\" data-id=\"d3793bb\" data-element_type=\"column\">\n\t\t\t<div class=\"elementor-widget-wrap elementor-element-populated\">\n\t\t\t\t\t\t<div class=\"elementor-element elementor-element-44f118e elementor-widget-divider--view-line elementor-widget elementor-widget-divider\" data-id=\"44f118e\" data-element_type=\"widget\" data-widget_type=\"divider.default\">\n\t\t\t\t<div class=\"elementor-widget-container\">\n\t\t\t\t\t<div class=\"elementor-divider\">\n\t\t\t<span class=\"elementor-divider-separator\">\n\t\t\t\t\t\t<\/span>\n\t\t<\/div>\n\t\t\t\t<\/div>\n\t\t\t\t<\/div>\n\t\t\t\t\t<\/div>\n\t\t<\/div>\n\t\t\t\t\t<\/div>\n\t\t<\/section>\n\t\t\t\t<section class=\"elementor-section elementor-top-section elementor-element elementor-element-0379152 elementor-section-boxed elementor-section-height-default elementor-section-height-default\" data-id=\"0379152\" data-element_type=\"section\">\n\t\t\t\t\t\t<div class=\"elementor-container elementor-column-gap-default\">\n\t\t\t\t\t<div class=\"elementor-column elementor-col-33 elementor-top-column elementor-element elementor-element-5addfb0\" data-id=\"5addfb0\" data-element_type=\"column\">\n\t\t\t<div class=\"elementor-widget-wrap\">\n\t\t\t\t\t\t\t<\/div>\n\t\t<\/div>\n\t\t\t\t<div class=\"elementor-column elementor-col-33 elementor-top-column elementor-element elementor-element-6d82306\" data-id=\"6d82306\" data-element_type=\"column\">\n\t\t\t<div class=\"elementor-widget-wrap elementor-element-populated\">\n\t\t\t\t\t\t<div class=\"elementor-element elementor-element-380907c elementor-widget elementor-widget-heading\" data-id=\"380907c\" data-element_type=\"widget\" data-widget_type=\"heading.default\">\n\t\t\t\t<div class=\"elementor-widget-container\">\n\t\t\t<h2 class=\"elementor-heading-title elementor-size-default\">HAYACAS<\/h2>\t\t<\/div>\n\t\t\t\t<\/div>\n\t\t\t\t<div class=\"elementor-element elementor-element-1eeaf00 elementor-widget__width-initial elementor-widget elementor-widget-heading\" data-id=\"1eeaf00\" data-element_type=\"widget\" data-widget_type=\"heading.default\">\n\t\t\t\t<div class=\"elementor-widget-container\">\n\t\t\t<h5 class=\"elementor-heading-title elementor-size-default\">\u201cEl amor es tan importante como la comida\u201d<\/h5>\t\t<\/div>\n\t\t\t\t<\/div>\n\t\t\t\t<div class=\"elementor-element elementor-element-4033a85 elementor-widget__width-initial elementor-widget elementor-widget-text-editor\" data-id=\"4033a85\" data-element_type=\"widget\" data-widget_type=\"text-editor.default\">\n\t\t\t\t<div class=\"elementor-widget-container\">\n\t\t\t\t\t\t\t<p>El origen de la hayaca se remonta a tiempos de la colonia. Se cuenta que los ind\u00edgenas preparaban un guiso de caza silvestre, el cual cubr\u00eda en su totalidad con masa de ma\u00edz y era envuelta en hojas de pl\u00e1tano y cocinada en agua. Este es el plato de los abor\u00edgenes le llamaba hayaco Iritari, de all\u00ed se deriva su nombre actual.<\/p><p>Sus ingredientes principales son: Ma\u00edz, hoja de pl\u00e1tano, carne de cerdo, pollo, y diferentes hortalizas de nuestra tierra. Se conserva la forma de preparaci\u00f3n, que hace que el producto sea \u00fanico y apetitoso.<\/p>\t\t\t\t\t\t<\/div>\n\t\t\t\t<\/div>\n\t\t\t\t\t<\/div>\n\t\t<\/div>\n\t\t\t\t<div class=\"elementor-column elementor-col-33 elementor-top-column elementor-element elementor-element-7938ea4\" data-id=\"7938ea4\" data-element_type=\"column\">\n\t\t\t<div class=\"elementor-widget-wrap\">\n\t\t\t\t\t\t\t<\/div>\n\t\t<\/div>\n\t\t\t\t\t<\/div>\n\t\t<\/section>\n\t\t\t\t<\/div>\n\t\t","protected":false},"excerpt":{"rendered":"<p>EMPANADA DE HARINA \u201cComer es una necesidad, pero cocinar es un arte.\u201d Las empanadas se hicieron populares cuando aparecieron por primera vez en la zona de Espa\u00f1a durante la \u00e9poca de las invasiones \u00e1rabes, y no tardar\u00eda mucho en llegar al continente americano en \u00e9poca de la conquista. Posteriormente se extendi\u00f3 por todas partes del&hellip;&nbsp;<a href=\"https:\/\/fritoscaribenos.com\/?page_id=1065\" class=\"\" rel=\"bookmark\">Read More &raquo;<span class=\"screen-reader-text\">Blog<\/span><\/a><\/p>\n","protected":false},"author":1,"featured_media":0,"parent":0,"menu_order":0,"comment_status":"closed","ping_status":"closed","template":"","meta":{"_monsterinsights_skip_tracking":false,"_monsterinsights_sitenote_active":false,"_monsterinsights_sitenote_note":"","_monsterinsights_sitenote_category":0,"neve_meta_sidebar":"","neve_meta_container":"","neve_meta_enable_content_width":"","neve_meta_content_width":0,"neve_meta_title_alignment":"","neve_meta_author_avatar":"","neve_post_elements_order":"","neve_meta_disable_header":"","neve_meta_disable_footer":"","neve_meta_disable_title":"on","_ti_tpc_template_sync":false,"_ti_tpc_template_id":"","footnotes":""},"class_list":["post-1065","page","type-page","status-publish","hentry"],"_links":{"self":[{"href":"https:\/\/fritoscaribenos.com\/index.php?rest_route=\/wp\/v2\/pages\/1065"}],"collection":[{"href":"https:\/\/fritoscaribenos.com\/index.php?rest_route=\/wp\/v2\/pages"}],"about":[{"href":"https:\/\/fritoscaribenos.com\/index.php?rest_route=\/wp\/v2\/types\/page"}],"author":[{"embeddable":true,"href":"https:\/\/fritoscaribenos.com\/index.php?rest_route=\/wp\/v2\/users\/1"}],"replies":[{"embeddable":true,"href":"https:\/\/fritoscaribenos.com\/index.php?rest_route=%2Fwp%2Fv2%2Fcomments&post=1065"}],"version-history":[{"count":105,"href":"https:\/\/fritoscaribenos.com\/index.php?rest_route=\/wp\/v2\/pages\/1065\/revisions"}],"predecessor-version":[{"id":1852,"href":"https:\/\/fritoscaribenos.com\/index.php?rest_route=\/wp\/v2\/pages\/1065\/revisions\/1852"}],"wp:attachment":[{"href":"https:\/\/fritoscaribenos.com\/index.php?rest_route=%2Fwp%2Fv2%2Fmedia&parent=1065"}],"curies":[{"name":"wp","href":"https:\/\/api.w.org\/{rel}","templated":true}]}}